{"id":411,"date":"2024-11-13T11:04:25","date_gmt":"2024-11-13T10:04:25","guid":{"rendered":"https:\/\/christinebohle.ch\/manuelle-medizin\/"},"modified":"2024-12-10T14:05:19","modified_gmt":"2024-12-10T13:05:19","slug":"manuelle-medizin","status":"publish","type":"page","link":"https:\/\/christinebohle.ch\/de\/manuelle-medizin\/","title":{"rendered":"Manuelle Medizin"},"content":{"rendered":"<div class=\"wpb-content-wrapper\"><p>[vc_row row_height_percent=&#8220;0&#8243; back_image=&#8220;284&#8243; back_position=&#8220;center top&#8220; overlay_color=&#8220;color-jevc&#8220; overlay_alpha=&#8220;20&#8243; gutter_size=&#8220;3&#8243; column_width_percent=&#8220;100&#8243; shift_y=&#8220;0&#8243; z_index=&#8220;0&#8243; content_parallax=&#8220;0&#8243; uncode_shortcode_id=&#8220;739035&#8243; overlay_color_type=&#8220;uncode-palette&#8220;][vc_column width=&#8220;1\/12&#8243;][\/vc_column][vc_column column_width_percent=&#8220;100&#8243; position_vertical=&#8220;middle&#8220; align_horizontal=&#8220;align_center&#8220; gutter_size=&#8220;3&#8243; style=&#8220;dark&#8220; overlay_alpha=&#8220;50&#8243; shift_x=&#8220;0&#8243; shift_y=&#8220;0&#8243; shift_y_down=&#8220;0&#8243; z_index=&#8220;0&#8243; medium_width=&#8220;0&#8243; mobile_width=&#8220;0&#8243; width=&#8220;10\/12&#8243; uncode_shortcode_id=&#8220;936502&#8243;][vc_empty_space empty_h=&#8220;2&#8243; mobile_visibility=&#8220;yes&#8220;][vc_empty_space empty_h=&#8220;2&#8243; mobile_visibility=&#8220;yes&#8220;][vc_custom_heading heading_semantic=&#8220;h1&#8243; text_size=&#8220;h1&#8243; text_weight=&#8220;400&#8243; sub_lead=&#8220;yes&#8220; sub_reduced=&#8220;yes&#8220; uncode_shortcode_id=&#8220;130949&#8243; subheading=&#8220;Tier\u00e4rztlich t\u00e4tig im Bereich Manuelle Medizin&#8220;]Manuelle Medizin[\/vc_custom_heading][vc_empty_space empty_h=&#8220;2&#8243; mobile_visibility=&#8220;yes&#8220;][vc_empty_space empty_h=&#8220;2&#8243; mobile_visibility=&#8220;yes&#8220;][\/vc_column][vc_column width=&#8220;1\/12&#8243;][\/vc_column][\/vc_row][vc_row][vc_column column_width_percent=&#8220;65&#8243; gutter_size=&#8220;3&#8243; overlay_alpha=&#8220;50&#8243; shift_x=&#8220;0&#8243; shift_y=&#8220;0&#8243; shift_y_down=&#8220;0&#8243; z_index=&#8220;0&#8243; medium_width=&#8220;0&#8243; mobile_width=&#8220;0&#8243; width=&#8220;1\/1&#8243; uncode_shortcode_id=&#8220;168972&#8243;][vc_empty_space empty_h=&#8220;2&#8243; mobile_visibility=&#8220;yes&#8220;][vc_row_inner row_inner_height_percent=&#8220;0&#8243; overlay_alpha=&#8220;50&#8243; gutter_size=&#8220;3&#8243; shift_y=&#8220;0&#8243; z_index=&#8220;0&#8243; uncode_shortcode_id=&#8220;207917&#8243;][vc_column_inner column_width_percent=&#8220;90&#8243; gutter_size=&#8220;3&#8243; overlay_alpha=&#8220;50&#8243; shift_x=&#8220;0&#8243; shift_y=&#8220;0&#8243; shift_y_down=&#8220;0&#8243; z_index=&#8220;0&#8243; medium_width=&#8220;0&#8243; mobile_width=&#8220;0&#8243; width=&#8220;1\/1&#8243; uncode_shortcode_id=&#8220;212912&#8243;][vc_custom_heading uncode_shortcode_id=&#8220;230495&#8243;]Was ist Manuelle Medizin und warum wenden wir sie an?[\/vc_custom_heading][vc_column_text uncode_shortcode_id=&#8220;185227&#8243;]Die Manuelle Medizin beinhaltet Elemente der Fasziologie, funktionellen Osteopathie (den sanften Techniken aus dem Bereich der faszialen, viszeralen und craniosakralen Osteopathie), Physiotherapie und Traditioneller Chinesischer Medizin. Manuelle Therapien haben als Ziel im K\u00f6rper ein inneres Gleichgewicht wiederherzustellen. Bei den Behandlungen arbeite ich vor allem mit Methoden der Fasziologie, Akupressur und Massagen. Ich kann mit Faszienbehandlungen Einfluss auf das gesamte Fasziennetz nehmen. Fixierungen lassen sich l\u00f6sen und Schmerzen lindern. Positive Langzeiteffekte auf die immunologische Gesundheit k\u00f6nnen dabei gef\u00f6rdert und physiologische Funktionen verbessert werden, so dass Nervensystem, Kreislauf, Lymphfluss und Durchblutung freier funktionieren. Schwachstellen des K\u00f6rpers lassen sich ausgleichen. Krankmachende Prozesse ver\u00e4ndern sich und Wohlbefinden w\u00e4chst. Wir k\u00f6nnen die Selbstheilung des Patienten anregen und beste Voraussetzungen zur Pr\u00e4vention von Krankheiten und Erhaltung der Gesundheit erm\u00f6glichen.[\/vc_column_text][\/vc_column_inner][\/vc_row_inner][vc_custom_heading text_color=&#8220;accent&#8220; heading_semantic=&#8220;p&#8220; text_font=&#8220;font-497488&#8243; text_size=&#8220;fontsize-166144&#8243; text_weight=&#8220;400&#8243; text_height=&#8220;fontheight-119902&#8243; text_italic=&#8220;yes&#8220; uncode_shortcode_id=&#8220;205892&#8243; text_color_type=&#8220;uncode-palette&#8220;]Als Tier\u00e4rztin \u00fcberzeugen mich fundierte medizinische Forschung und Erfahrung.[\/vc_custom_heading][vc_row_inner row_inner_height_percent=&#8220;0&#8243; overlay_alpha=&#8220;50&#8243; gutter_size=&#8220;3&#8243; shift_y=&#8220;0&#8243; z_index=&#8220;0&#8243; uncode_shortcode_id=&#8220;207917&#8243;][vc_column_inner column_width_percent=&#8220;90&#8243; gutter_size=&#8220;3&#8243; overlay_alpha=&#8220;50&#8243; shift_x=&#8220;0&#8243; shift_y=&#8220;0&#8243; shift_y_down=&#8220;0&#8243; z_index=&#8220;0&#8243; medium_width=&#8220;0&#8243; mobile_width=&#8220;0&#8243; width=&#8220;1\/1&#8243; uncode_shortcode_id=&#8220;212912&#8243;][vc_column_text uncode_shortcode_id=&#8220;146161&#8243;]Je nach Krankheit oder Verletzung sind Behandlungen der klassischen Medizin unverzichtbar. Mit den Grenzen schulmedizinischer M\u00f6glichkeiten wurde ich jedoch auch konfrontiert, besonders was chronische Krankheiten oder Autoimmunkrankheiten betrifft. Die Behandlungen beschr\u00e4nken sich h\u00e4ufig auf symptomatische Therapien bereits manifester Erkrankungen ohne R\u00fccksicht auf ganzheitliche Zusammenh\u00e4nge im K\u00f6rper zu nehmen. Leider kann das zu R\u00fcckf\u00e4llen und chronischen Manifestationen von Krankheitsbildern f\u00fchren. Auf lange Sicht k\u00f6nnen konventionelle Heilverfahren mit deutlichen Nebenwirkungen behaftet sein. Idealerweise erg\u00e4nzt man schulmedizinische Methoden und Manuelle Therapien miteinander, wodurch das bestm\u00f6gliche Ergebnis f\u00fcr den Patienten erzielt werden kann.[\/vc_column_text][vc_column_text uncode_shortcode_id=&#8220;959838&#8243;]<\/p>\n<h3>Medizin im Ganzen<\/h3>\n<p> Beispiele, wann Manuelle Medizin ihrem Tier helfen kann : <\/p>\n<ul>\n<li>Lahmheiten und\/ oder R\u00fcckenschmerzen<\/li>\n<li>Chronische Krankheiten oder Anf\u00e4lligkeit f\u00fcr bestimmte Krankheiten (vor allem Verdauungsprobleme, aber auch Atemwegsinfekte oder Hautproblematiken)<\/li>\n<li>Autoimmunkrankheiten<\/li>\n<li>Nach Operationen zur schnelleren Erholung<\/li>\n<li>Bei Fehlstellung zur Verminderung von sekund\u00e4r auftretenden Problemen<\/li>\n<li>nach traumatischen Erlebnissen zum Normalisierung des Nervensystems<\/li>\n<\/ul>\n<p> Gerne gebe ich Ihnen auf Wunsch Anleitungen wie Sie an und mit ihrem Tier Physiotherapeutische \u00dcbungen und Massagen ausf\u00fchren k\u00f6nnen, damit Sie die Rehabilitation Ihres Tieres positiv begleiten und selbst einiges zu seiner Genesung beisteuern.[\/vc_column_text][\/vc_column_inner][\/vc_row_inner][vc_row_inner row_inner_height_percent=&#8220;0&#8243; overlay_alpha=&#8220;50&#8243; gutter_size=&#8220;3&#8243; shift_y=&#8220;0&#8243; z_index=&#8220;0&#8243; uncode_shortcode_id=&#8220;207917&#8243;][vc_column_inner column_width_percent=&#8220;90&#8243; gutter_size=&#8220;3&#8243; overlay_alpha=&#8220;50&#8243; shift_x=&#8220;0&#8243; shift_y=&#8220;0&#8243; shift_y_down=&#8220;0&#8243; z_index=&#8220;0&#8243; medium_width=&#8220;0&#8243; mobile_width=&#8220;0&#8243; width=&#8220;1\/1&#8243; uncode_shortcode_id=&#8220;212912&#8243;][vc_column_text uncode_shortcode_id=&#8220;939797&#8243;]<\/p>\n<h3>Integrative Trauma Arbeit und De-Stress<\/h3>\n<p> Als Trauma bezeichnet man die \u00dcberforderung des Organismus mit einer zutiefst belastenden Situation umzugehen. Daraus resultierende posttraumatische St\u00f6rungen und Blockaden k\u00f6nnen sowohl k\u00f6rperlicher als auch psychischer Natur sein und ein Lebewesen extrem einschr\u00e4nken.<br \/>Es wird angenommen, dass Wildtiere auf nat\u00fcrliche Weise in der Lage sind mit Traumata umzugehen. Ihr Organismus findet \u00fcber Selbstregulation wieder zu einem Gleichgewicht. Bei Menschen und domestizierten Tieren ist dieser Prozess h\u00e4ufig nicht mehr m\u00f6glich. Sie bleiben in einem dauerhaft erh\u00f6hten Stressniveau des Nervensystems stecken, was weitreichende gesundheitliche Folgen haben kann und die Vitalit\u00e4t wesentlich negativ beeinflusst. Als Konsequenz der Einheit von K\u00f6rper und Psyche hat ein Trauma nie nur auf die Psyche oder nur auf den K\u00f6rper Einfluss.<br \/>H\u00e4ufig steht bei Tieren ein k\u00f6rperliches Trauma durch Verletzungen, Unfall oder Misshandlung am Beginn und daraus entwickeln sich \u00c4ngste und Unsicherheiten. Durch den dauerhaften Stresszustand treten h\u00e4ufig auch somatische (k\u00f6rperliche) Beschwerden auf, die schulmedizinisch oft nicht eingeordnet werden k\u00f6nnen. Mit manueller Therapie arbeite ich sowohl an der effektiven Struktur eines Gewebes (zum Beispiel eines Muskels oder Organs), mit dem Stabilisierungs-und Aufh\u00e4ngesystem (Faszien, B\u00e4nder, Wirbel) als auch mit der Energie des Gewebes (Mikrobewegung, Durchblutung, Lymphfluss, Nervensystem). Dadurch kann ich das Nervensystem und den Energiefluss harmonisieren, so dass im K\u00f6rper gespeicherte Traumata und dazugeh\u00f6rige Emotionen zur Verarbeitung angeregt werden. Der Organismus wird auf diese Weise in Richtung der Selbstheilung unterst\u00fctzt.<br \/>Wir wissen heute, dass sich die Biologie des Stresses auf die Gewebe und Organe des Hormon-und Immunsystems sowie die Darmschleimhaut auswirkt.*<br \/>Eine sogenannte Stressachse, f\u00fchrt vom Gehirn (Hypothalamus mit Hirnanhangsdr\u00fcse) zur Nebennierenrinde. <br \/>Der Anker f\u00fcr Traumabehandlung, De-Stress (Stressabbau) und Heilung ist der Atem. Mit meinen Techniken beeinflusse ich diesen. Durch langsame fasziale Massagen helfe ich dem Tier ruhig und tief zu atmen. Seine Pulsfrequenz wie auch die Aussch\u00fcttung von Stresshormonen wie Cortisol und Adrenalin sinken dabei.<br \/>Die k\u00f6rperliche Hom\u00f6stase ( Gleichgewichtszustand ) kann sich so wieder stabilisieren.[\/vc_column_text][vc_custom_heading heading_semantic=&#8220;p&#8220; text_size=&#8220;custom&#8220; text_weight=&#8220;400&#8243; text_italic=&#8220;yes&#8220; uncode_shortcode_id=&#8220;709563&#8243; heading_custom_size=&#8220;15&#8243; text_color_type=&#8220;uncode-solid&#8220; text_color_solid=&#8220;#8b8b8b&#8220;]*Nach Dr.Gabor Mat\u00e9, When the Body Says No: Exploring the Stress-Disease Connection, 2003, und<br \/>Dr. Candace Pert, Molecules of Emotion: The Science Behind Mind-Body Medicine, 1999[\/vc_custom_heading][\/vc_column_inner][\/vc_row_inner][vc_empty_space empty_h=&#8220;2&#8243;][\/vc_column][\/vc_row]<\/p>\n<\/div>","protected":false},"excerpt":{"rendered":"<p>[vc_row row_height_percent=&#8220;0&#8243; back_image=&#8220;284&#8243; back_position=&#8220;center top&#8220; overlay_color=&#8220;color-jevc&#8220; overlay_alpha=&#8220;20&#8243; gutter_size=&#8220;3&#8243; column_width_percent=&#8220;100&#8243; shift_y=&#8220;0&#8243; z_index=&#8220;0&#8243; content_parallax=&#8220;0&#8243; uncode_shortcode_id=&#8220;739035&#8243; overlay_color_type=&#8220;uncode-palette&#8220;][vc_column width=&#8220;1\/12&#8243;][\/vc_column][vc_column column_width_percent=&#8220;100&#8243; position_vertical=&#8220;middle&#8220; align_horizontal=&#8220;align_center&#8220; gutter_size=&#8220;3&#8243; style=&#8220;dark&#8220; [&hellip;]<\/p>\n","protected":false},"author":1,"featured_media":0,"parent":0,"menu_order":0,"comment_status":"closed","ping_status":"closed","template":"","meta":{"footnotes":""},"class_list":["post-411","page","type-page","status-publish","hentry"],"_links":{"self":[{"href":"https:\/\/christinebohle.ch\/de\/wp-json\/wp\/v2\/pages\/411","targetHints":{"allow":["GET"]}}],"collection":[{"href":"https:\/\/christinebohle.ch\/de\/wp-json\/wp\/v2\/pages"}],"about":[{"href":"https:\/\/christinebohle.ch\/de\/wp-json\/wp\/v2\/types\/page"}],"author":[{"embeddable":true,"href":"https:\/\/christinebohle.ch\/de\/wp-json\/wp\/v2\/users\/1"}],"replies":[{"embeddable":true,"href":"https:\/\/christinebohle.ch\/de\/wp-json\/wp\/v2\/comments?post=411"}],"version-history":[{"count":6,"href":"https:\/\/christinebohle.ch\/de\/wp-json\/wp\/v2\/pages\/411\/revisions"}],"predecessor-version":[{"id":508,"href":"https:\/\/christinebohle.ch\/de\/wp-json\/wp\/v2\/pages\/411\/revisions\/508"}],"wp:attachment":[{"href":"https:\/\/christinebohle.ch\/de\/wp-json\/wp\/v2\/media?parent=411"}],"curies":[{"name":"wp","href":"https:\/\/api.w.org\/{rel}","templated":true}]}}