{"id":401,"date":"2024-11-13T11:04:46","date_gmt":"2024-11-13T10:04:46","guid":{"rendered":"https:\/\/christinebohle.ch\/ueber-mich\/"},"modified":"2025-09-24T16:08:45","modified_gmt":"2025-09-24T14:08:45","slug":"ueber-mich","status":"publish","type":"page","link":"https:\/\/christinebohle.ch\/de\/ueber-mich\/","title":{"rendered":"\u00dcber mich"},"content":{"rendered":"<div class=\"wpb-content-wrapper\"><p>[vc_row row_height_percent=&#8220;0&#8243; back_image=&#8220;303&#8243; back_position=&#8220;center bottom&#8220; overlay_color=&#8220;color-jevc&#8220; overlay_alpha=&#8220;20&#8243; gutter_size=&#8220;3&#8243; column_width_percent=&#8220;100&#8243; shift_y=&#8220;0&#8243; z_index=&#8220;0&#8243; content_parallax=&#8220;0&#8243; uncode_shortcode_id=&#8220;186775&#8243; overlay_color_type=&#8220;uncode-palette&#8220;][vc_column width=&#8220;1\/12&#8243;][\/vc_column][vc_column column_width_percent=&#8220;100&#8243; position_vertical=&#8220;middle&#8220; align_horizontal=&#8220;align_center&#8220; gutter_size=&#8220;3&#8243; style=&#8220;dark&#8220; overlay_alpha=&#8220;50&#8243; shift_x=&#8220;0&#8243; shift_y=&#8220;0&#8243; shift_y_down=&#8220;0&#8243; z_index=&#8220;0&#8243; medium_width=&#8220;0&#8243; mobile_width=&#8220;0&#8243; width=&#8220;10\/12&#8243; uncode_shortcode_id=&#8220;936502&#8243;][vc_empty_space empty_h=&#8220;2&#8243; mobile_visibility=&#8220;yes&#8220;][vc_empty_space empty_h=&#8220;2&#8243; mobile_visibility=&#8220;yes&#8220;][vc_custom_heading heading_semantic=&#8220;h1&#8243; text_size=&#8220;h1&#8243; text_weight=&#8220;400&#8243; sub_lead=&#8220;yes&#8220; sub_reduced=&#8220;yes&#8220; uncode_shortcode_id=&#8220;619051&#8243; subheading=&#8220;Tier\u00e4rztlich t\u00e4tig im Bereich Manuelle Medizin&#8220;]Christine Bohle[\/vc_custom_heading][vc_empty_space empty_h=&#8220;2&#8243; mobile_visibility=&#8220;yes&#8220;][vc_empty_space empty_h=&#8220;2&#8243; mobile_visibility=&#8220;yes&#8220;][\/vc_column][vc_column width=&#8220;1\/12&#8243;][\/vc_column][\/vc_row][vc_row][vc_column column_width_percent=&#8220;65&#8243; gutter_size=&#8220;3&#8243; overlay_alpha=&#8220;50&#8243; shift_x=&#8220;0&#8243; shift_y=&#8220;0&#8243; shift_y_down=&#8220;0&#8243; z_index=&#8220;0&#8243; medium_width=&#8220;0&#8243; mobile_width=&#8220;0&#8243; width=&#8220;1\/1&#8243; uncode_shortcode_id=&#8220;369782&#8243;][vc_empty_space empty_h=&#8220;2&#8243; mobile_visibility=&#8220;yes&#8220;][vc_row_inner row_inner_height_percent=&#8220;0&#8243; overlay_alpha=&#8220;50&#8243; gutter_size=&#8220;3&#8243; shift_y=&#8220;0&#8243; z_index=&#8220;0&#8243; uncode_shortcode_id=&#8220;207917&#8243;][vc_column_inner column_width_percent=&#8220;90&#8243; gutter_size=&#8220;3&#8243; overlay_alpha=&#8220;50&#8243; shift_x=&#8220;0&#8243; shift_y=&#8220;0&#8243; shift_y_down=&#8220;0&#8243; z_index=&#8220;0&#8243; medium_width=&#8220;0&#8243; mobile_width=&#8220;0&#8243; width=&#8220;1\/1&#8243; uncode_shortcode_id=&#8220;212912&#8243;][vc_column_text uncode_shortcode_id=&#8220;129646&#8243;]Als Kind begeisterte ich mich f\u00fcr alles was lebt. Besonders die Fauna hatte es mir angetan, mit Tieren f\u00fchlte ich mich verbunden. Ich w\u00fcnschte mir, dass ich alle Lebewesen verstehe, mit ihnen kommuniziere, ihre Gesundheit bewahre und sie wieder gesund machen kann. Das Zusammenwirken von K\u00f6rper und Psyche auf die Gesundheit hat mich schon fr\u00fch fasziniert.<\/p>\n<p>Mein Vater, Chirurg und Internist (Humanmediziner) war mein erster Lehrer. Von ihm lernte ich unter vielem anderen die verschiedenen Gewebe aus denen Lebewesen bestehen kennen, wie sie strukturiert sind und funktionieren. Dank ihm h\u00f6rte ich auch das erste Mal von Faszien, auch wie bedeutend Bewegung und Zirkulation f\u00fcr alles Lebendige ist.  <\/p>\n<p>Diese Einfl\u00fcsse pr\u00e4gten ma\u00dfgeblich meinen Lebensweg.[\/vc_column_text][\/vc_column_inner][\/vc_row_inner][vc_empty_space empty_h=&#8220;2&#8243; mobile_visibility=&#8220;yes&#8220;][\/vc_column][\/vc_row][vc_row][vc_column width=&#8220;5\/12&#8243;][vc_single_image media=&#8220;397&#8243; media_width_percent=&#8220;100&#8243; media_ratio=&#8220;three-two&#8220; shape=&#8220;img-round&#8220; radius=&#8220;std&#8220; uncode_shortcode_id=&#8220;179951&#8243;][\/vc_column][vc_column width=&#8220;7\/12&#8243;][vc_single_image media=&#8220;394&#8243; media_width_percent=&#8220;100&#8243; media_ratio=&#8220;five-four&#8220; shape=&#8220;img-round&#8220; radius=&#8220;std&#8220; uncode_shortcode_id=&#8220;175331&#8243;][\/vc_column][\/vc_row][vc_row][vc_column column_width_percent=&#8220;65&#8243; gutter_size=&#8220;3&#8243; overlay_alpha=&#8220;50&#8243; shift_x=&#8220;0&#8243; shift_y=&#8220;0&#8243; shift_y_down=&#8220;0&#8243; z_index=&#8220;0&#8243; medium_width=&#8220;0&#8243; mobile_width=&#8220;0&#8243; width=&#8220;1\/1&#8243; uncode_shortcode_id=&#8220;852970&#8243;][vc_row_inner row_inner_height_percent=&#8220;0&#8243; overlay_alpha=&#8220;50&#8243; gutter_size=&#8220;3&#8243; shift_y=&#8220;0&#8243; z_index=&#8220;0&#8243; uncode_shortcode_id=&#8220;207917&#8243;][vc_column_inner column_width_percent=&#8220;90&#8243; gutter_size=&#8220;3&#8243; overlay_alpha=&#8220;50&#8243; shift_x=&#8220;0&#8243; shift_y=&#8220;0&#8243; shift_y_down=&#8220;0&#8243; z_index=&#8220;0&#8243; medium_width=&#8220;0&#8243; mobile_width=&#8220;0&#8243; width=&#8220;1\/1&#8243; uncode_shortcode_id=&#8220;212912&#8243;][vc_column_text uncode_shortcode_id=&#8220;985435&#8243;]Zun\u00e4chst habe ich ein Biologiestudium begonnen, arbeitete zeitgleich als Helferin in einer Tierarztpraxis und studierte anschliessend Veterin\u00e4rmedizin.<br \/>\nIch arbeitete lange Zeit als Tier\u00e4rztin in Deutschland mit Hunden, Katzen und Nagern, immer bem\u00fcht so sanft wie m\u00f6glich und dabei wirksam zur Gesundung der Tiere beizutragen.<\/p>\n<p>H\u00f6chstwahrscheinlich war mein Yogastudium dann der Wegweiser um andere Formen von Medizin auszu\u00fcben.<br \/>\nMit manuellen Therapien habe ich einen Weg gefunden, K\u00f6rper und Geist auf eine ganzheitliche Weise wahrzunehmen und zu behandeln.<\/p>\n<p>Je vis avec mes jumeaux, deux chats et mon compagnon \u00e0 Onex, Gen\u00e8ve.<\/p>\n<p>Dank weiterf\u00fchrenden Kursen in veterin\u00e4rmedizinischer Osteopathie und Fasziologie konnte ich meine Behandlungsmethoden weiterentwickeln und verfeinern.<br \/>\n<br \/>Momentan mache ich eine Weiterbildung in traditioneller, chinesischer Medizin TCM.<\/p>\n<p>In Zusammenarbeit mit anderen Tier\u00e4rzten arbeite ich jetzt vorwiegend im Bereich der manuellen Medizin.[\/vc_column_text][\/vc_column_inner][\/vc_row_inner][vc_empty_space empty_h=&#8220;2&#8243;][\/vc_column][\/vc_row][vc_row][vc_column column_width_percent=&#8220;65&#8243; gutter_size=&#8220;3&#8243; overlay_alpha=&#8220;50&#8243; shift_x=&#8220;0&#8243; shift_y=&#8220;0&#8243; shift_y_down=&#8220;0&#8243; z_index=&#8220;0&#8243; medium_width=&#8220;0&#8243; mobile_width=&#8220;0&#8243; width=&#8220;1\/1&#8243; uncode_shortcode_id=&#8220;852970&#8243;][vc_row_inner row_inner_height_percent=&#8220;0&#8243; overlay_alpha=&#8220;50&#8243; gutter_size=&#8220;3&#8243; shift_y=&#8220;0&#8243; z_index=&#8220;0&#8243; uncode_shortcode_id=&#8220;207917&#8243;][vc_column_inner column_width_percent=&#8220;90&#8243; gutter_size=&#8220;3&#8243; overlay_alpha=&#8220;50&#8243; shift_x=&#8220;0&#8243; shift_y=&#8220;0&#8243; shift_y_down=&#8220;0&#8243; z_index=&#8220;0&#8243; medium_width=&#8220;0&#8243; mobile_width=&#8220;0&#8243; width=&#8220;1\/1&#8243; uncode_shortcode_id=&#8220;212912&#8243;][vc_column_text uncode_shortcode_id=&#8220;111536&#8243;]Ein Artikel \u00fcber einen interessanten Fall aus meiner Praxis wurde ver\u00f6ffentlicht :<\/p>\n<ul>\n<li><a href=\"https:\/\/christinebohle.ch\/wp-content\/uploads\/2025\/08\/Osteopathische_bahandlung_einer_Hundin_mit_HD.pdf\" target=\"_blank\" rel=\"noopener\">Osteopathische Behandlung einer H\u00fcndlin mit HD<\/a><\/li>\n<\/ul>\n<p>[\/vc_column_text][\/vc_column_inner][\/vc_row_inner][vc_empty_space empty_h=&#8220;2&#8243;][\/vc_column][\/vc_row]<\/p>\n<\/div>","protected":false},"excerpt":{"rendered":"<p>[vc_row row_height_percent=&#8220;0&#8243; back_image=&#8220;303&#8243; back_position=&#8220;center bottom&#8220; overlay_color=&#8220;color-jevc&#8220; overlay_alpha=&#8220;20&#8243; gutter_size=&#8220;3&#8243; column_width_percent=&#8220;100&#8243; shift_y=&#8220;0&#8243; z_index=&#8220;0&#8243; content_parallax=&#8220;0&#8243; uncode_shortcode_id=&#8220;186775&#8243; overlay_color_type=&#8220;uncode-palette&#8220;][vc_column width=&#8220;1\/12&#8243;][\/vc_column][vc_column column_width_percent=&#8220;100&#8243; position_vertical=&#8220;middle&#8220; align_horizontal=&#8220;align_center&#8220; gutter_size=&#8220;3&#8243; style=&#8220;dark&#8220; [&hellip;]<\/p>\n","protected":false},"author":1,"featured_media":0,"parent":0,"menu_order":0,"comment_status":"closed","ping_status":"closed","template":"","meta":{"footnotes":""},"class_list":["post-401","page","type-page","status-publish","hentry"],"_links":{"self":[{"href":"https:\/\/christinebohle.ch\/de\/wp-json\/wp\/v2\/pages\/401","targetHints":{"allow":["GET"]}}],"collection":[{"href":"https:\/\/christinebohle.ch\/de\/wp-json\/wp\/v2\/pages"}],"about":[{"href":"https:\/\/christinebohle.ch\/de\/wp-json\/wp\/v2\/types\/page"}],"author":[{"embeddable":true,"href":"https:\/\/christinebohle.ch\/de\/wp-json\/wp\/v2\/users\/1"}],"replies":[{"embeddable":true,"href":"https:\/\/christinebohle.ch\/de\/wp-json\/wp\/v2\/comments?post=401"}],"version-history":[{"count":30,"href":"https:\/\/christinebohle.ch\/de\/wp-json\/wp\/v2\/pages\/401\/revisions"}],"predecessor-version":[{"id":767,"href":"https:\/\/christinebohle.ch\/de\/wp-json\/wp\/v2\/pages\/401\/revisions\/767"}],"wp:attachment":[{"href":"https:\/\/christinebohle.ch\/de\/wp-json\/wp\/v2\/media?parent=401"}],"curies":[{"name":"wp","href":"https:\/\/api.w.org\/{rel}","templated":true}]}}