{"id":398,"date":"2024-11-13T11:04:13","date_gmt":"2024-11-13T10:04:13","guid":{"rendered":"https:\/\/christinebohle.ch\/home\/"},"modified":"2024-12-20T11:46:45","modified_gmt":"2024-12-20T10:46:45","slug":"home","status":"publish","type":"page","link":"https:\/\/christinebohle.ch\/de\/","title":{"rendered":"Home"},"content":{"rendered":"<div class=\"wpb-content-wrapper\"><p>[vc_row row_height_percent=&#8220;100&#8243; back_image=&#8220;42&#8243; overlay_alpha=&#8220;50&#8243; gutter_size=&#8220;3&#8243; column_width_percent=&#8220;100&#8243; shift_y=&#8220;0&#8243; z_index=&#8220;0&#8243; content_parallax=&#8220;0&#8243; uncode_shortcode_id=&#8220;115814&#8243;][vc_column column_width_percent=&#8220;100&#8243; gutter_size=&#8220;3&#8243; overlay_alpha=&#8220;50&#8243; shift_x=&#8220;0&#8243; shift_y=&#8220;0&#8243; shift_y_down=&#8220;0&#8243; z_index=&#8220;0&#8243; medium_visibility=&#8220;yes&#8220; medium_width=&#8220;0&#8243; mobile_visibility=&#8220;yes&#8220; mobile_width=&#8220;0&#8243; width=&#8220;1\/6&#8243; uncode_shortcode_id=&#8220;153388&#8243;][\/vc_column][vc_column column_width_percent=&#8220;100&#8243; position_vertical=&#8220;middle&#8220; align_horizontal=&#8220;align_center&#8220; gutter_size=&#8220;3&#8243; style=&#8220;dark&#8220; overlay_alpha=&#8220;50&#8243; shift_x=&#8220;0&#8243; shift_y=&#8220;0&#8243; shift_y_down=&#8220;0&#8243; z_index=&#8220;0&#8243; medium_width=&#8220;0&#8243; mobile_width=&#8220;0&#8243; width=&#8220;4\/6&#8243; uncode_shortcode_id=&#8220;986076&#8243;][vc_custom_heading heading_semantic=&#8220;h1&#8243; text_size=&#8220;h1&#8243; text_weight=&#8220;400&#8243; uncode_shortcode_id=&#8220;903339&#8243;]Herzlich willkommen bei Christine Bohle[\/vc_custom_heading][vc_column_text uncode_shortcode_id=&#8220;169092&#8243;]Manuelle Medizin kann ihrem Tier bei der Bew\u00e4ltigung von Krankheiten, Verletzungen und Traumata helfen, au\u00dferdem sein Wohlbefinden und Selbstheilungskr\u00e4fte st\u00e4rken.[\/vc_column_text][vc_button button_color=&#8220;accent&#8220; border_width=&#8220;0&#8243; uncode_shortcode_id=&#8220;519048&#8243; button_color_type=&#8220;uncode-palette&#8220; link=&#8220;url:https%3A%2F%2Fchristinebohle.ch%2Fde%2Fmanuelle-medizin%2F|title:Manuelle%20Medizin|&#8220;]Erfahren Sie mehr \u00fcber manuelle Medizin[\/vc_button][\/vc_column][vc_column column_width_percent=&#8220;100&#8243; gutter_size=&#8220;3&#8243; overlay_alpha=&#8220;50&#8243; shift_x=&#8220;0&#8243; shift_y=&#8220;0&#8243; shift_y_down=&#8220;0&#8243; z_index=&#8220;0&#8243; medium_visibility=&#8220;yes&#8220; medium_width=&#8220;0&#8243; mobile_visibility=&#8220;yes&#8220; mobile_width=&#8220;0&#8243; width=&#8220;1\/6&#8243; uncode_shortcode_id=&#8220;206971&#8243;][\/vc_column][\/vc_row][vc_row row_height_percent=&#8220;0&#8243; override_padding=&#8220;yes&#8220; h_padding=&#8220;2&#8243; top_padding=&#8220;4&#8243; bottom_padding=&#8220;4&#8243; overlay_alpha=&#8220;50&#8243; gutter_size=&#8220;3&#8243; column_width_percent=&#8220;100&#8243; shift_y=&#8220;0&#8243; z_index=&#8220;0&#8243; content_parallax=&#8220;0&#8243; uncode_shortcode_id=&#8220;518942&#8243;][vc_column column_width_percent=&#8220;100&#8243; position_vertical=&#8220;middle&#8220; gutter_size=&#8220;3&#8243; overlay_alpha=&#8220;50&#8243; shift_x=&#8220;0&#8243; shift_y=&#8220;0&#8243; shift_y_down=&#8220;0&#8243; z_index=&#8220;0&#8243; medium_width=&#8220;0&#8243; mobile_width=&#8220;0&#8243; width=&#8220;1\/4&#8243; uncode_shortcode_id=&#8220;101427&#8243;][vc_icon position=&#8220;left&#8220; space_reduced=&#8220;yes&#8220; icon_image=&#8220;61&#8243; icon_color=&#8220;accent&#8220; media_size=&#8220;45&#8243; heading_semantic=&#8220;h4&#8243; text_font=&#8220;font-555555&#8243; text_size=&#8220;fontsize-201161&#8243; uncode_shortcode_id=&#8220;254805&#8243; title=&#8220;GESUNDHEIT&#8220; icon_color_type=&#8220;uncode-palette&#8220; el_class=&#8220;icon-box-custom&#8220;][\/vc_icon][\/vc_column][vc_column column_width_percent=&#8220;100&#8243; gutter_size=&#8220;3&#8243; overlay_alpha=&#8220;50&#8243; shift_x=&#8220;0&#8243; shift_y=&#8220;0&#8243; shift_y_down=&#8220;0&#8243; z_index=&#8220;0&#8243; medium_width=&#8220;0&#8243; mobile_width=&#8220;0&#8243; width=&#8220;1\/4&#8243; uncode_shortcode_id=&#8220;190821&#8243;][vc_icon position=&#8220;left&#8220; space_reduced=&#8220;yes&#8220; icon_image=&#8220;62&#8243; icon_color=&#8220;accent&#8220; media_size=&#8220;45&#8243; heading_semantic=&#8220;h4&#8243; text_font=&#8220;font-555555&#8243; text_size=&#8220;fontsize-201161&#8243; uncode_shortcode_id=&#8220;362814&#8243; title=&#8220;LEBENSFREUDE&#8220; icon_color_type=&#8220;uncode-palette&#8220; el_class=&#8220;icon-box-custom&#8220;][\/vc_icon][\/vc_column][vc_column width=&#8220;1\/4&#8243;][vc_icon position=&#8220;left&#8220; space_reduced=&#8220;yes&#8220; icon_image=&#8220;59&#8243; icon_color=&#8220;accent&#8220; media_size=&#8220;45&#8243; heading_semantic=&#8220;h4&#8243; text_font=&#8220;font-555555&#8243; text_size=&#8220;fontsize-201161&#8243; uncode_shortcode_id=&#8220;102180&#8243; title=&#8220;RESILIENZ&#8220; icon_color_type=&#8220;uncode-palette&#8220; el_class=&#8220;icon-box-custom&#8220;][\/vc_icon][\/vc_column][vc_column width=&#8220;1\/4&#8243;][vc_icon position=&#8220;left&#8220; space_reduced=&#8220;yes&#8220; icon_image=&#8220;60&#8243; icon_color=&#8220;accent&#8220; media_size=&#8220;45&#8243; heading_semantic=&#8220;h4&#8243; text_font=&#8220;font-555555&#8243; text_size=&#8220;fontsize-201161&#8243; uncode_shortcode_id=&#8220;177010&#8243; title=&#8220;VERTRAUTER GEF\u00c4HRTE&#8220; icon_color_type=&#8220;uncode-palette&#8220; el_class=&#8220;icon-box-custom&#8220;][\/vc_icon][\/vc_column][\/vc_row][vc_row unlock_row_content=&#8220;yes&#8220; row_height_percent=&#8220;0&#8243; override_padding=&#8220;yes&#8220; h_padding=&#8220;2&#8243; top_padding=&#8220;0&#8243; bottom_padding=&#8220;0&#8243; overlay_alpha=&#8220;50&#8243; gutter_size=&#8220;3&#8243; column_width_percent=&#8220;100&#8243; shift_y=&#8220;0&#8243; z_index=&#8220;0&#8243; content_parallax=&#8220;0&#8243; uncode_shortcode_id=&#8220;183188&#8243;][vc_column width=&#8220;1\/1&#8243;][vc_row_inner row_inner_height_percent=&#8220;0&#8243; overlay_alpha=&#8220;50&#8243; equal_height=&#8220;yes&#8220; gutter_size=&#8220;4&#8243; shift_y=&#8220;0&#8243; z_index=&#8220;0&#8243; uncode_shortcode_id=&#8220;174977&#8243;][vc_column_inner column_width_percent=&#8220;100&#8243; gutter_size=&#8220;3&#8243; back_image=&#8220;229&#8243; overlay_alpha=&#8220;50&#8243; radius=&#8220;std&#8220; shift_x=&#8220;0&#8243; shift_y=&#8220;0&#8243; shift_y_down=&#8220;0&#8243; z_index=&#8220;0&#8243; medium_width=&#8220;0&#8243; mobile_width=&#8220;0&#8243; width=&#8220;7\/12&#8243; uncode_shortcode_id=&#8220;207408&#8243;][vc_empty_space empty_h=&#8220;2&#8243;][vc_empty_space empty_h=&#8220;4&#8243; desktop_visibility=&#8220;yes&#8220;][\/vc_column_inner][vc_column_inner column_width_percent=&#8220;70&#8243; position_horizontal=&#8220;left&#8220; gutter_size=&#8220;3&#8243; overlay_alpha=&#8220;50&#8243; shift_x=&#8220;0&#8243; shift_y=&#8220;0&#8243; shift_y_down=&#8220;0&#8243; z_index=&#8220;0&#8243; medium_width=&#8220;0&#8243; mobile_width=&#8220;0&#8243; width=&#8220;5\/12&#8243; uncode_shortcode_id=&#8220;278337&#8243;][vc_empty_space empty_h=&#8220;2&#8243; mobile_visibility=&#8220;yes&#8220;][vc_custom_heading uncode_shortcode_id=&#8220;191559&#8243;]F\u00fcr mein Tier[\/vc_custom_heading][vc_column_text uncode_shortcode_id=&#8220;150584&#8243;]Es freut mich, dass sie den Weg zu christinebohle.ch gefunden haben, ihrem Tier und sich etwas Gutes tun m\u00f6chten.[\/vc_column_text][vc_button button_color=&#8220;accent&#8220; border_width=&#8220;0&#8243; uncode_shortcode_id=&#8220;132888&#8243; button_color_type=&#8220;uncode-palette&#8220; link=&#8220;url:https%3A%2F%2Fchristinebohle.ch%2Fde%2Fueber-mich%2F|title:Manuelle%20Medizin|&#8220;]Mehr \u00fcber mich[\/vc_button][vc_empty_space empty_h=&#8220;3&#8243; mobile_visibility=&#8220;yes&#8220;][\/vc_column_inner][\/vc_row_inner][vc_empty_space empty_h=&#8220;2&#8243;][\/vc_column][\/vc_row][vc_row row_height_percent=&#8220;0&#8243; override_padding=&#8220;yes&#8220; h_padding=&#8220;2&#8243; top_padding=&#8220;4&#8243; bottom_padding=&#8220;4&#8243; overlay_alpha=&#8220;50&#8243; gutter_size=&#8220;3&#8243; column_width_percent=&#8220;100&#8243; shift_y=&#8220;0&#8243; z_index=&#8220;0&#8243; content_parallax=&#8220;0&#8243; uncode_shortcode_id=&#8220;197470&#8243; row_name=&#8220;tarifs&#8220;][vc_column column_width_percent=&#8220;100&#8243; align_horizontal=&#8220;align_center&#8220; gutter_size=&#8220;3&#8243; overlay_alpha=&#8220;50&#8243; shift_x=&#8220;0&#8243; shift_y=&#8220;0&#8243; shift_y_down=&#8220;0&#8243; z_index=&#8220;0&#8243; medium_width=&#8220;0&#8243; align_mobile=&#8220;align_left_mobile&#8220; mobile_width=&#8220;0&#8243; width=&#8220;1\/1&#8243; uncode_shortcode_id=&#8220;152831&#8243;][vc_custom_heading uncode_shortcode_id=&#8220;617083&#8243;]Die Preise[\/vc_custom_heading][vc_row_inner][vc_column_inner column_width_percent=&#8220;75&#8243; position_horizontal=&#8220;left&#8220; gutter_size=&#8220;3&#8243; override_padding=&#8220;yes&#8220; column_padding=&#8220;2&#8243; style=&#8220;dark&#8220; back_color=&#8220;color-139919&#8243; back_image=&#8220;108&#8243; back_repeat=&#8220;no-repeat&#8220; back_position=&#8220;right bottom&#8220; overlay_alpha=&#8220;50&#8243; radius=&#8220;std&#8220; shift_x=&#8220;0&#8243; shift_y=&#8220;0&#8243; shift_y_down=&#8220;0&#8243; z_index=&#8220;0&#8243; medium_width=&#8220;0&#8243; mobile_width=&#8220;0&#8243; width=&#8220;1\/2&#8243; uncode_shortcode_id=&#8220;120495&#8243; back_color_type=&#8220;uncode-palette&#8220; back_size=&#8220;100% auto&#8220;][vc_custom_heading heading_semantic=&#8220;p&#8220; text_size=&#8220;&#8220; text_weight=&#8220;700&#8243; uncode_shortcode_id=&#8220;168882&#8243;]Manuelle Medizin zu Hause[\/vc_custom_heading][vc_custom_heading heading_semantic=&#8220;p&#8220; text_size=&#8220;fontsize-174160&#8243; text_weight=&#8220;700&#8243; uncode_shortcode_id=&#8220;208959&#8243;]CHF 150.-[\/vc_custom_heading][vc_column_text uncode_shortcode_id=&#8220;138113&#8243; css=&#8220;.vc_custom_1732524522312{margin-top: 10px !important;}&#8220;]Barzahlung (oder per Twint) vor Ort ist erw\u00fcnscht.[\/vc_column_text][vc_empty_space empty_h=&#8220;2&#8243;][\/vc_column_inner][vc_column_inner column_width_percent=&#8220;75&#8243; position_horizontal=&#8220;left&#8220; gutter_size=&#8220;3&#8243; override_padding=&#8220;yes&#8220; column_padding=&#8220;2&#8243; back_image=&#8220;121&#8243; back_repeat=&#8220;no-repeat&#8220; back_position=&#8220;right bottom&#8220; overlay_alpha=&#8220;50&#8243; radius=&#8220;std&#8220; shift_x=&#8220;0&#8243; shift_y=&#8220;0&#8243; shift_y_down=&#8220;0&#8243; z_index=&#8220;0&#8243; medium_width=&#8220;0&#8243; mobile_width=&#8220;0&#8243; width=&#8220;1\/2&#8243; uncode_shortcode_id=&#8220;283718&#8243; back_color_type=&#8220;uncode-solid&#8220; back_color_solid=&#8220;rgba(71,131,196,0.3)&#8220; back_size=&#8220;100% auto&#8220;][vc_custom_heading text_color=&#8220;color-130980&#8243; heading_semantic=&#8220;p&#8220; text_size=&#8220;&#8220; text_weight=&#8220;700&#8243; uncode_shortcode_id=&#8220;842314&#8243; text_color_type=&#8220;uncode-palette&#8220;]Manuelle Medizin in meiner Praxis[\/vc_custom_heading][vc_custom_heading heading_semantic=&#8220;p&#8220; text_size=&#8220;fontsize-174160&#8243; text_weight=&#8220;700&#8243; uncode_shortcode_id=&#8220;178274&#8243;]CHF 120.-[\/vc_custom_heading][vc_column_text uncode_shortcode_id=&#8220;138113&#8243; css=&#8220;.vc_custom_1732524522312{margin-top: 10px !important;}&#8220;]Barzahlung (oder per Twint) vor Ort ist erw\u00fcnscht.[\/vc_column_text][vc_empty_space empty_h=&#8220;2&#8243;][\/vc_column_inner][\/vc_row_inner][vc_button button_color=&#8220;accent&#8220; border_width=&#8220;0&#8243; uncode_shortcode_id=&#8220;491745&#8243; button_color_type=&#8220;uncode-palette&#8220; link=&#8220;url:tel%3A%2B41774363036|&#8220; icon=&#8220;fa fa-phone-handset&#8220;]Termin vereinbaren[\/vc_button][\/vc_column][\/vc_row][vc_row][vc_column width=&#8220;1\/4&#8243;][vc_custom_heading heading_semantic=&#8220;h3&#8243; text_size=&#8220;h3&#8243; uncode_shortcode_id=&#8220;121454&#8243;]F\u00fcr welche Arten von Tieren?[\/vc_custom_heading][vc_column_text uncode_shortcode_id=&#8220;155499&#8243; css=&#8220;.vc_custom_1732781270372{margin-top: 10px !important;}&#8220;]Meine Dienstleistungen sind f\u00fcr verschiedene Haustiere geeignet.[\/vc_column_text][\/vc_column][vc_column column_width_percent=&#8220;100&#8243; position_horizontal=&#8220;left&#8220; position_vertical=&#8220;middle&#8220; gutter_size=&#8220;3&#8243; overlay_alpha=&#8220;50&#8243; shift_x=&#8220;0&#8243; shift_y=&#8220;0&#8243; shift_y_down=&#8220;0&#8243; z_index=&#8220;0&#8243; medium_width=&#8220;0&#8243; mobile_width=&#8220;0&#8243; width=&#8220;1\/4&#8243; uncode_shortcode_id=&#8220;101612&#8243;][vc_icon position=&#8220;left&#8220; space_reduced=&#8220;yes&#8220; icon_image=&#8220;138&#8243; icon_color=&#8220;color-139919&#8243; media_size=&#8220;55&#8243; heading_semantic=&#8220;h4&#8243; text_size=&#8220;fontsize-201161&#8243; uncode_shortcode_id=&#8220;180812&#8243; title=&#8220;HUNDE&#8220; icon_color_type=&#8220;uncode-palette&#8220; el_class=&#8220;icon-box-custom&#8220;]Alle Arten von Hunden[\/vc_icon][\/vc_column][vc_column column_width_percent=&#8220;100&#8243; position_vertical=&#8220;middle&#8220; gutter_size=&#8220;3&#8243; overlay_alpha=&#8220;50&#8243; shift_x=&#8220;0&#8243; shift_y=&#8220;0&#8243; shift_y_down=&#8220;0&#8243; z_index=&#8220;0&#8243; medium_width=&#8220;0&#8243; mobile_width=&#8220;0&#8243; width=&#8220;1\/4&#8243; uncode_shortcode_id=&#8220;193030&#8243;][vc_icon position=&#8220;left&#8220; space_reduced=&#8220;yes&#8220; icon_image=&#8220;137&#8243; icon_color=&#8220;color-139919&#8243; media_size=&#8220;55&#8243; heading_semantic=&#8220;h4&#8243; text_size=&#8220;fontsize-201161&#8243; uncode_shortcode_id=&#8220;637983&#8243; title=&#8220;KATZEN&#8220; icon_color_type=&#8220;uncode-palette&#8220; el_class=&#8220;icon-box-custom&#8220;]Alle Arten von Katzen[\/vc_icon][\/vc_column][vc_column column_width_percent=&#8220;100&#8243; position_vertical=&#8220;middle&#8220; gutter_size=&#8220;3&#8243; overlay_alpha=&#8220;50&#8243; shift_x=&#8220;0&#8243; shift_y=&#8220;0&#8243; shift_y_down=&#8220;0&#8243; z_index=&#8220;0&#8243; medium_width=&#8220;0&#8243; mobile_width=&#8220;0&#8243; width=&#8220;1\/4&#8243; uncode_shortcode_id=&#8220;103417&#8243;][vc_icon position=&#8220;left&#8220; space_reduced=&#8220;yes&#8220; icon_image=&#8220;139&#8243; icon_color=&#8220;color-139919&#8243; media_size=&#8220;61&#8243; heading_semantic=&#8220;h4&#8243; text_size=&#8220;fontsize-201161&#8243; uncode_shortcode_id=&#8220;183395&#8243; title=&#8220;NACS&#8220; icon_color_type=&#8220;uncode-palette&#8220; el_class=&#8220;icon-box-custom&#8220;]Kaninchen und Nagetiere[\/vc_icon][\/vc_column][\/vc_row][vc_row unlock_row_content=&#8220;yes&#8220; row_height_percent=&#8220;0&#8243; override_padding=&#8220;yes&#8220; h_padding=&#8220;2&#8243; top_padding=&#8220;0&#8243; bottom_padding=&#8220;0&#8243; overlay_alpha=&#8220;50&#8243; gutter_size=&#8220;3&#8243; column_width_percent=&#8220;100&#8243; shift_y=&#8220;0&#8243; z_index=&#8220;0&#8243; content_parallax=&#8220;0&#8243; uncode_shortcode_id=&#8220;730530&#8243;][vc_column width=&#8220;1\/1&#8243;][vc_empty_space empty_h=&#8220;2&#8243; mobile_visibility=&#8220;yes&#8220;][vc_empty_space empty_h=&#8220;2&#8243; mobile_visibility=&#8220;yes&#8220;][vc_row_inner row_inner_height_percent=&#8220;0&#8243; overlay_alpha=&#8220;50&#8243; equal_height=&#8220;yes&#8220; gutter_size=&#8220;4&#8243; shift_y=&#8220;0&#8243; z_index=&#8220;0&#8243; uncode_shortcode_id=&#8220;174977&#8243;][vc_column_inner column_width_percent=&#8220;70&#8243; position_horizontal=&#8220;right&#8220; gutter_size=&#8220;3&#8243; overlay_alpha=&#8220;50&#8243; shift_x=&#8220;0&#8243; shift_y=&#8220;0&#8243; shift_y_down=&#8220;0&#8243; z_index=&#8220;0&#8243; medium_width=&#8220;0&#8243; mobile_width=&#8220;0&#8243; width=&#8220;5\/12&#8243; uncode_shortcode_id=&#8220;165419&#8243;][vc_empty_space empty_h=&#8220;2&#8243; mobile_visibility=&#8220;yes&#8220;][vc_custom_heading uncode_shortcode_id=&#8220;182381&#8243;]Was sind Faszien?[\/vc_custom_heading][vc_column_text uncode_shortcode_id=&#8220;204899&#8243;]Faszien sind Bindegewebsstrukturen. Sie bilden zusammen ein fl\u00fcssigkeitsangereichertes Geflecht das den gesamten K\u00f6rper durchzieht.[\/vc_column_text][vc_button button_color=&#8220;accent&#8220; border_width=&#8220;0&#8243; uncode_shortcode_id=&#8220;212949&#8243; button_color_type=&#8220;uncode-palette&#8220; link=&#8220;url:https%3A%2F%2Fchristinebohle.ch%2Fde%2Fdie-faszien%2F|title:Manuelle%20Medizin|&#8220;]Mehr \u00fcber Faszien[\/vc_button][vc_empty_space empty_h=&#8220;3&#8243; mobile_visibility=&#8220;yes&#8220;][\/vc_column_inner][vc_column_inner column_width_percent=&#8220;100&#8243; gutter_size=&#8220;3&#8243; back_image=&#8220;232&#8243; overlay_alpha=&#8220;50&#8243; radius=&#8220;std&#8220; shift_x=&#8220;0&#8243; shift_y=&#8220;0&#8243; shift_y_down=&#8220;0&#8243; z_index=&#8220;0&#8243; medium_width=&#8220;0&#8243; mobile_width=&#8220;0&#8243; width=&#8220;7\/12&#8243; uncode_shortcode_id=&#8220;143805&#8243;][vc_empty_space empty_h=&#8220;2&#8243;][vc_empty_space empty_h=&#8220;4&#8243; desktop_visibility=&#8220;yes&#8220;][\/vc_column_inner][\/vc_row_inner][vc_empty_space empty_h=&#8220;3&#8243; mobile_visibility=&#8220;yes&#8220;][vc_empty_space empty_h=&#8220;2&#8243;][\/vc_column][\/vc_row][vc_row row_height_percent=&#8220;0&#8243; overlay_alpha=&#8220;50&#8243; gutter_size=&#8220;3&#8243; column_width_percent=&#8220;100&#8243; shift_y=&#8220;0&#8243; z_index=&#8220;0&#8243; desktop_visibility=&#8220;yes&#8220; medium_visibility=&#8220;yes&#8220; mobile_visibility=&#8220;yes&#8220; content_parallax=&#8220;0&#8243; uncode_shortcode_id=&#8220;189743&#8243;][vc_column column_width_percent=&#8220;100&#8243; align_horizontal=&#8220;align_center&#8220; gutter_size=&#8220;3&#8243; overlay_alpha=&#8220;50&#8243; shift_x=&#8220;0&#8243; shift_y=&#8220;0&#8243; shift_y_down=&#8220;0&#8243; z_index=&#8220;0&#8243; medium_width=&#8220;0&#8243; mobile_width=&#8220;0&#8243; width=&#8220;1\/1&#8243; uncode_shortcode_id=&#8220;760023&#8243;][vc_custom_heading uncode_shortcode_id=&#8220;178036&#8243;]Was meine Kunden denken[\/vc_custom_heading][vc_empty_space empty_h=&#8220;2&#8243;][vc_gallery el_id=&#8220;gallery-2494442&#8243; type=&#8220;carousel&#8220; medias=&#8220;149,151&#8243; carousel_lg=&#8220;1&#8243; carousel_md=&#8220;1&#8243; carousel_sm=&#8220;1&#8243; gutter_size=&#8220;3&#8243; inner_padding=&#8220;yes&#8220; media_items=&#8220;media|lightbox|poster&#8220; carousel_interval=&#8220;5000&#8243; carousel_navspeed=&#8220;400&#8243; carousel_loop=&#8220;yes&#8220; carousel_overflow=&#8220;yes&#8220; carousel_dots=&#8220;yes&#8220; carousel_textual=&#8220;yes&#8220; carousel_half_opacity=&#8220;yes&#8220; stage_padding=&#8220;20&#8243; single_text=&#8220;under&#8220; single_style=&#8220;dark&#8220; single_overlay_opacity=&#8220;50&#8243; single_h_align=&#8220;center&#8220; single_padding=&#8220;2&#8243; single_text_lead=&#8220;yes&#8220; single_border=&#8220;yes&#8220; uncode_shortcode_id=&#8220;200060&#8243;][vc_empty_space empty_h=&#8220;2&#8243;][\/vc_column][\/vc_row]<\/p>\n<\/div>","protected":false},"excerpt":{"rendered":"<p>[vc_row row_height_percent=&#8220;100&#8243; back_image=&#8220;42&#8243; overlay_alpha=&#8220;50&#8243; gutter_size=&#8220;3&#8243; column_width_percent=&#8220;100&#8243; shift_y=&#8220;0&#8243; z_index=&#8220;0&#8243; content_parallax=&#8220;0&#8243; uncode_shortcode_id=&#8220;115814&#8243;][vc_column column_width_percent=&#8220;100&#8243; gutter_size=&#8220;3&#8243; overlay_alpha=&#8220;50&#8243; shift_x=&#8220;0&#8243; shift_y=&#8220;0&#8243; shift_y_down=&#8220;0&#8243; z_index=&#8220;0&#8243; medium_visibility=&#8220;yes&#8220; medium_width=&#8220;0&#8243; mobile_visibility=&#8220;yes&#8220; [&hellip;]<\/p>\n","protected":false},"author":1,"featured_media":0,"parent":0,"menu_order":0,"comment_status":"closed","ping_status":"closed","template":"","meta":{"footnotes":""},"class_list":["post-398","page","type-page","status-publish","hentry"],"_links":{"self":[{"href":"https:\/\/christinebohle.ch\/de\/wp-json\/wp\/v2\/pages\/398","targetHints":{"allow":["GET"]}}],"collection":[{"href":"https:\/\/christinebohle.ch\/de\/wp-json\/wp\/v2\/pages"}],"about":[{"href":"https:\/\/christinebohle.ch\/de\/wp-json\/wp\/v2\/types\/page"}],"author":[{"embeddable":true,"href":"https:\/\/christinebohle.ch\/de\/wp-json\/wp\/v2\/users\/1"}],"replies":[{"embeddable":true,"href":"https:\/\/christinebohle.ch\/de\/wp-json\/wp\/v2\/comments?post=398"}],"version-history":[{"count":10,"href":"https:\/\/christinebohle.ch\/de\/wp-json\/wp\/v2\/pages\/398\/revisions"}],"predecessor-version":[{"id":667,"href":"https:\/\/christinebohle.ch\/de\/wp-json\/wp\/v2\/pages\/398\/revisions\/667"}],"wp:attachment":[{"href":"https:\/\/christinebohle.ch\/de\/wp-json\/wp\/v2\/media?parent=398"}],"curies":[{"name":"wp","href":"https:\/\/api.w.org\/{rel}","templated":true}]}}